{"id":20838,"date":"2026-03-20T15:22:38","date_gmt":"2026-03-20T14:22:38","guid":{"rendered":"https:\/\/dev.afla.fr\/?page_id=20838"},"modified":"2026-03-20T16:11:49","modified_gmt":"2026-03-20T15:11:49","slug":"fg-login","status":"publish","type":"page","link":"https:\/\/dev.afla.fr\/index.php\/fg-login\/","title":{"rendered":"connexion"},"content":{"rendered":"\n<h2 class=\"wp-block-heading has-text-align-center\">Connectez-vous <\/h2>\n\n\n\n<div class=\"wp-block-columns is-layout-flex wp-container-core-columns-is-layout-9d6595d7 wp-block-columns-is-layout-flex\">\n<div class=\"wp-block-column is-layout-flow wp-block-column-is-layout-flow\">\n<p>L\u2019<strong>Association Famille Levesque et Alli\u00e9s,<\/strong>&nbsp;rassemble les descendants et alli\u00e9s de l\u2019industriel nantais&nbsp;<strong>Louis Auguste Levesque (1809-1888) et Anne-Cl\u00e9mence Blon (1810-1877) son \u00e9pouse<\/strong><strong>.<\/strong><\/p>\n\n\n\n<div class=\"wp-block-group is-nowrap is-layout-flex wp-container-core-group-is-layout-ad2f72ca wp-block-group-is-layout-flex\">\n<figure data-wp-context=\"{&quot;imageId&quot;:&quot;69e73d26e8dc9&quot;}\" data-wp-interactive=\"core\/image\" data-wp-key=\"69e73d26e8dc9\" class=\"wp-block-image size-full has-custom-border wp-lightbox-container\"><img loading=\"lazy\" decoding=\"async\" width=\"185\" height=\"185\" data-wp-class--hide=\"state.isContentHidden\" data-wp-class--show=\"state.isContentVisible\" data-wp-init=\"callbacks.setButtonStyles\" data-wp-on--click=\"actions.showLightbox\" data-wp-on--load=\"callbacks.setButtonStyles\" data-wp-on-window--resize=\"callbacks.setButtonStyles\" src=\"https:\/\/dev.afla.fr\/wp-content\/uploads\/2026\/03\/Louis-Auguste-400x444-1-edited-e1774006852985.jpg\" alt=\"\" class=\"wp-image-20787\" style=\"border-width:5px;border-top-left-radius:500px;border-top-right-radius:500px;border-bottom-left-radius:500px;border-bottom-right-radius:500px\"\/><button\n\t\t\tclass=\"lightbox-trigger\"\n\t\t\ttype=\"button\"\n\t\t\taria-haspopup=\"dialog\"\n\t\t\taria-label=\"Agrandir\"\n\t\t\tdata-wp-init=\"callbacks.initTriggerButton\"\n\t\t\tdata-wp-on--click=\"actions.showLightbox\"\n\t\t\tdata-wp-style--right=\"state.imageButtonRight\"\n\t\t\tdata-wp-style--top=\"state.imageButtonTop\"\n\t\t>\n\t\t\t<svg xmlns=\"http:\/\/www.w3.org\/2000\/svg\" width=\"12\" height=\"12\" fill=\"none\" viewBox=\"0 0 12 12\">\n\t\t\t\t<path fill=\"#fff\" d=\"M2 0a2 2 0 0 0-2 2v2h1.5V2a.5.5 0 0 1 .5-.5h2V0H2Zm2 10.5H2a.5.5 0 0 1-.5-.5V8H0v2a2 2 0 0 0 2 2h2v-1.5ZM8 12v-1.5h2a.5.5 0 0 0 .5-.5V8H12v2a2 2 0 0 1-2 2H8Zm2-12a2 2 0 0 1 2 2v2h-1.5V2a.5.5 0 0 0-.5-.5H8V0h2Z\" \/>\n\t\t\t<\/svg>\n\t\t<\/button><\/figure>\n\n\n\n<figure data-wp-context=\"{&quot;imageId&quot;:&quot;69e73d26e92ba&quot;}\" data-wp-interactive=\"core\/image\" data-wp-key=\"69e73d26e92ba\" class=\"wp-block-image size-full has-custom-border wp-lightbox-container\"><img loading=\"lazy\" decoding=\"async\" width=\"185\" height=\"185\" data-wp-class--hide=\"state.isContentHidden\" data-wp-class--show=\"state.isContentVisible\" data-wp-init=\"callbacks.setButtonStyles\" data-wp-on--click=\"actions.showLightbox\" data-wp-on--load=\"callbacks.setButtonStyles\" data-wp-on-window--resize=\"callbacks.setButtonStyles\" src=\"https:\/\/dev.afla.fr\/wp-content\/uploads\/2026\/03\/anne_clemence_blon-400x444-1-edited-e1773994389469.jpg\" alt=\"\" class=\"wp-image-20788\" style=\"border-width:5px;border-top-left-radius:500px;border-top-right-radius:500px;border-bottom-left-radius:500px;border-bottom-right-radius:500px\" srcset=\"https:\/\/dev.afla.fr\/wp-content\/uploads\/2026\/03\/anne_clemence_blon-400x444-1-edited-e1773994389469.jpg 185w, https:\/\/dev.afla.fr\/wp-content\/uploads\/2026\/03\/anne_clemence_blon-400x444-1-edited-e1773994389469-150x150.jpg 150w\" sizes=\"auto, (max-width: 185px) 100vw, 185px\" \/><button\n\t\t\tclass=\"lightbox-trigger\"\n\t\t\ttype=\"button\"\n\t\t\taria-haspopup=\"dialog\"\n\t\t\taria-label=\"Agrandir\"\n\t\t\tdata-wp-init=\"callbacks.initTriggerButton\"\n\t\t\tdata-wp-on--click=\"actions.showLightbox\"\n\t\t\tdata-wp-style--right=\"state.imageButtonRight\"\n\t\t\tdata-wp-style--top=\"state.imageButtonTop\"\n\t\t>\n\t\t\t<svg xmlns=\"http:\/\/www.w3.org\/2000\/svg\" width=\"12\" height=\"12\" fill=\"none\" viewBox=\"0 0 12 12\">\n\t\t\t\t<path fill=\"#fff\" d=\"M2 0a2 2 0 0 0-2 2v2h1.5V2a.5.5 0 0 1 .5-.5h2V0H2Zm2 10.5H2a.5.5 0 0 1-.5-.5V8H0v2a2 2 0 0 0 2 2h2v-1.5ZM8 12v-1.5h2a.5.5 0 0 0 .5-.5V8H12v2a2 2 0 0 1-2 2H8Zm2-12a2 2 0 0 1 2 2v2h-1.5V2a.5.5 0 0 0-.5-.5H8V0h2Z\" \/>\n\t\t\t<\/svg>\n\t\t<\/button><\/figure>\n<\/div>\n\n\n\n<p class=\"has-text-align-center\"><em>Vous \u00eatre ici pour la premi\u00e8re fois ? <\/em><\/p>\n\n\n\n<div class=\"wp-block-buttons has-custom-font-size has-small-font-size is-content-justification-center is-layout-flex wp-container-core-buttons-is-layout-16018d1d wp-block-buttons-is-layout-flex\">\n<div class=\"wp-block-button has-custom-width wp-block-button__width-100\"><a class=\"wp-block-button__link has-base-color has-custom-color-1-background-color has-text-color has-background has-link-color wp-element-button\" href=\"https:\/\/dev.afla.fr\/index.php\/fg-activate\/\">Activez votre compte maintenant<\/a><\/div>\n<\/div>\n<\/div>\n\n\n\n<div class=\"wp-block-column is-layout-flow wp-block-column-is-layout-flow\">\n<div class=\"fg-wizard-container fg-login-page\">\n\n    \n    \n    <form method=\"post\" class=\"fg-wizard-question\">\n        <input type=\"hidden\" id=\"fg_login_nonce\" name=\"fg_login_nonce\" value=\"9a79a70e10\" \/><input type=\"hidden\" name=\"_wp_http_referer\" value=\"\/index.php\/wp-json\/wp\/v2\/pages\/20838\" \/>        <input type=\"hidden\" name=\"redirect_to\" value=\"https:\/\/dev.afla.fr\">\n\n        <div class=\"fg-wizard-input-wrap\">\n            <input class=\"fg-wizard-input\" type=\"text\" name=\"fg_identifier\"\n                   placeholder=\"Email, t\u00e9l\u00e9phone ou n\u00b0 g\u00e9n\u00e9alogique\"\n                   required autocomplete=\"username\">\n        <\/div>\n\n        <div class=\"fg-wizard-input-wrap\">\n            <input class=\"fg-wizard-input\" type=\"password\" name=\"fg_password\"\n                   placeholder=\"Mot de passe\"\n                   required autocomplete=\"current-password\">\n        <\/div>\n\n        <div class=\"fg-wizard-input-wrap\">\n            <button type=\"submit\" class=\"fg-wizard-next-btn\">Se connecter \u2192<\/button>\n        <\/div>\n\n        <label class=\"fg-wizard-remember\">\n            <input type=\"checkbox\" name=\"rememberme\" value=\"1\" checked> Se souvenir de moi\n        <\/label>\n    <\/form>\n\n    <div class=\"fg-wizard-links\">\n        <details>\n            <summary>Mot de passe oubli\u00e9 ?<\/summary>\n            <form method=\"post\" class=\"fg-wizard-question\" style=\"margin-top:12px;\">\n                <input type=\"hidden\" id=\"fg_reset_nonce\" name=\"fg_reset_nonce\" value=\"33ac171500\" \/><input type=\"hidden\" name=\"_wp_http_referer\" value=\"\/index.php\/wp-json\/wp\/v2\/pages\/20838\" \/>                <div class=\"fg-wizard-input-wrap\">\n                    <input class=\"fg-wizard-input\" type=\"text\" name=\"fg_identifier\"\n                           placeholder=\"Email ou t\u00e9l\u00e9phone\" required>\n                <\/div>\n                <div class=\"fg-wizard-input-wrap\">\n                    <button type=\"submit\" class=\"fg-wizard-next-btn\">Envoyer \u2192<\/button>\n                <\/div>\n            <\/form>\n        <\/details>\n\n                <p><a href=\"https:\/\/dev.afla.fr\/index.php\/fg-activate\/\">Pas encore de compte ? Activer mon acc\u00e8s<\/a><\/p>\n            <\/div>\n\n<\/div>\n\n<\/div>\n<\/div>\n\n\n\n<p>Louis-Auguste appartient lui-m\u00eame \u00e0 une lign\u00e9e de n\u00e9gociants, armateurs bien connus au XVIII\u00e8me si\u00e8cle \u00e0 la Roche-Bernard, puis install\u00e9s \u00e0 Nantes vers 1800.<\/p>\n\n\n\n<p>Pour toute demande particuli\u00e8re, nous vous invitons \u00e0 laisser un email \u00e0 l\u2019adresse : info@afla.fr<\/p>\n","protected":false},"excerpt":{"rendered":"<p>Connectez-vous L\u2019Association Famille Levesque et Alli\u00e9s,&nbsp;rassemble les descendants et alli\u00e9s de l\u2019industriel nantais&nbsp;Louis Auguste Levesque (1809-1888) et Anne-Cl\u00e9mence Blon (1810-1877) son \u00e9pouse. Vous \u00eatre ici pour la premi\u00e8re fois ? Louis-Auguste appartient lui-m\u00eame \u00e0 une lign\u00e9e de n\u00e9gociants, armateurs bien connus au XVIII\u00e8me si\u00e8cle \u00e0 la Roche-Bernard, puis install\u00e9s \u00e0 Nantes vers 1800. Pour toute [&hellip;]<\/p>\n","protected":false},"author":1,"featured_media":0,"parent":0,"menu_order":0,"comment_status":"closed","ping_status":"closed","template":"deconnect","meta":{"footnotes":""},"class_list":["post-20838","page","type-page","status-publish","hentry"],"_links":{"self":[{"href":"https:\/\/dev.afla.fr\/index.php\/wp-json\/wp\/v2\/pages\/20838","targetHints":{"allow":["GET"]}}],"collection":[{"href":"https:\/\/dev.afla.fr\/index.php\/wp-json\/wp\/v2\/pages"}],"about":[{"href":"https:\/\/dev.afla.fr\/index.php\/wp-json\/wp\/v2\/types\/page"}],"author":[{"embeddable":true,"href":"https:\/\/dev.afla.fr\/index.php\/wp-json\/wp\/v2\/users\/1"}],"replies":[{"embeddable":true,"href":"https:\/\/dev.afla.fr\/index.php\/wp-json\/wp\/v2\/comments?post=20838"}],"version-history":[{"count":5,"href":"https:\/\/dev.afla.fr\/index.php\/wp-json\/wp\/v2\/pages\/20838\/revisions"}],"predecessor-version":[{"id":20854,"href":"https:\/\/dev.afla.fr\/index.php\/wp-json\/wp\/v2\/pages\/20838\/revisions\/20854"}],"wp:attachment":[{"href":"https:\/\/dev.afla.fr\/index.php\/wp-json\/wp\/v2\/media?parent=20838"}],"curies":[{"name":"wp","href":"https:\/\/api.w.org\/{rel}","templated":true}]}}