{"id":7,"date":"2026-02-22T15:57:43","date_gmt":"2026-02-22T14:57:43","guid":{"rendered":"https:\/\/dev.afla.fr\/fg-activate\/"},"modified":"2026-03-20T16:10:38","modified_gmt":"2026-03-20T15:10:38","slug":"fg-activate","status":"publish","type":"page","link":"https:\/\/dev.afla.fr\/index.php\/fg-activate\/","title":{"rendered":"Activer mon compte"},"content":{"rendered":"\n<h2 class=\"wp-block-heading has-text-align-center has-base-color has-text-color has-link-color wp-elements-e501729d2b969a15d9b543f2bbe8d01b\">Activation de mon compte personnel<\/h2>\n\n\n\n<div class=\"wp-block-columns has-base-color has-text-color has-link-color wp-elements-089f9d7f863676e9874abc9b47e40103 is-layout-flex wp-container-core-columns-is-layout-9d6595d7 wp-block-columns-is-layout-flex\">\n<div class=\"wp-block-column is-layout-flow wp-block-column-is-layout-flow\">\n<p>Seuls les cousins et alli\u00e9s Levesque peuvent acc\u00e9der \u00e0 notre site familial priv\u00e9.<br><br>Pour valider ton compte nous devons simplement nous assurer que tu es bien toi !<br><br>Pour ce faire, rien de plus facile : <br>Tu r\u00e9ponds aux questions pos\u00e9es !<\/p>\n<\/div>\n\n\n\n<div class=\"wp-block-column is-layout-flow wp-block-column-is-layout-flow\">\n<p>        <div id=\"fg-wizard\" class=\"fg-wizard-container\" data-step=\"0\">\n            <div class=\"fg-wizard-progress\">\n                <div class=\"fg-wizard-progress-bar\" id=\"fg-wizard-progress-bar\" style=\"width:0%\"><\/div>\n            <\/div>\n            <div class=\"fg-wizard-body\" id=\"fg-wizard-body\">\n                <div class=\"fg-wizard-loading\">\n                    <span class=\"fg-wizard-dots\">\n                        <span><\/span><span><\/span><span><\/span>\n                    <\/span>\n                <\/div>\n            <\/div>\n        <\/div>\n        <br><\/p>\n\n\n\n<div class=\"wp-block-buttons is-layout-flex wp-block-buttons-is-layout-flex\">\n<div class=\"wp-block-button has-custom-width wp-block-button__width-100\"><a class=\"wp-block-button__link has-custom-color-1-background-color has-background wp-element-button\" href=\"https:\/\/dev.afla.fr\/index.php\/fg-login\/\">En fait j&rsquo;ai d\u00e9j\u00e0 mon compte activ\u00e9 !<\/a><\/div>\n<\/div>\n<\/div>\n<\/div>\n\n\n\n<div class=\"wp-block-group alignwide mon-filigrane has-global-padding is-content-justification-center is-layout-constrained wp-block-group-is-layout-constrained\">\n<figure data-wp-context=\"{&quot;imageId&quot;:&quot;69eeb2304de88&quot;}\" data-wp-interactive=\"core\/image\" data-wp-key=\"69eeb2304de88\" class=\"wp-block-image size-large wp-lightbox-container\" style=\"margin-top:0;margin-bottom:0\"><img decoding=\"async\" data-wp-class--hide=\"state.isContentHidden\" data-wp-class--show=\"state.isContentVisible\" data-wp-init=\"callbacks.setButtonStyles\" data-wp-on--click=\"actions.showLightbox\" data-wp-on--load=\"callbacks.setButtonStyles\" data-wp-on-window--resize=\"callbacks.setButtonStyles\" src=\"https:\/\/dev.afla.fr\/wp-content\/uploads\/2026\/03\/Capture-decran-2026-03-18-a-22.03.59.svg\" alt=\"\" class=\"wp-image-20727\" style=\"aspect-ratio:0.8484869997337829;object-fit:cover\"\/><button\n\t\t\tclass=\"lightbox-trigger\"\n\t\t\ttype=\"button\"\n\t\t\taria-haspopup=\"dialog\"\n\t\t\taria-label=\"Agrandir\"\n\t\t\tdata-wp-init=\"callbacks.initTriggerButton\"\n\t\t\tdata-wp-on--click=\"actions.showLightbox\"\n\t\t\tdata-wp-style--right=\"state.imageButtonRight\"\n\t\t\tdata-wp-style--top=\"state.imageButtonTop\"\n\t\t>\n\t\t\t<svg xmlns=\"http:\/\/www.w3.org\/2000\/svg\" width=\"12\" height=\"12\" fill=\"none\" viewBox=\"0 0 12 12\">\n\t\t\t\t<path fill=\"#fff\" d=\"M2 0a2 2 0 0 0-2 2v2h1.5V2a.5.5 0 0 1 .5-.5h2V0H2Zm2 10.5H2a.5.5 0 0 1-.5-.5V8H0v2a2 2 0 0 0 2 2h2v-1.5ZM8 12v-1.5h2a.5.5 0 0 0 .5-.5V8H12v2a2 2 0 0 1-2 2H8Zm2-12a2 2 0 0 1 2 2v2h-1.5V2a.5.5 0 0 0-.5-.5H8V0h2Z\" \/>\n\t\t\t<\/svg>\n\t\t<\/button><\/figure>\n<\/div>\n","protected":false},"excerpt":{"rendered":"<p>Activation de mon compte personnel Seuls les cousins et alli\u00e9s Levesque peuvent acc\u00e9der \u00e0 notre site familial priv\u00e9. Pour valider ton compte nous devons simplement nous assurer que tu es bien toi ! Pour ce faire, rien de plus facile : Tu r\u00e9ponds aux questions pos\u00e9es !<\/p>\n","protected":false},"author":1,"featured_media":0,"parent":0,"menu_order":0,"comment_status":"closed","ping_status":"closed","template":"deconnect","meta":{"footnotes":""},"class_list":["post-7","page","type-page","status-publish","hentry"],"_links":{"self":[{"href":"https:\/\/dev.afla.fr\/index.php\/wp-json\/wp\/v2\/pages\/7","targetHints":{"allow":["GET"]}}],"collection":[{"href":"https:\/\/dev.afla.fr\/index.php\/wp-json\/wp\/v2\/pages"}],"about":[{"href":"https:\/\/dev.afla.fr\/index.php\/wp-json\/wp\/v2\/types\/page"}],"author":[{"embeddable":true,"href":"https:\/\/dev.afla.fr\/index.php\/wp-json\/wp\/v2\/users\/1"}],"replies":[{"embeddable":true,"href":"https:\/\/dev.afla.fr\/index.php\/wp-json\/wp\/v2\/comments?post=7"}],"version-history":[{"count":19,"href":"https:\/\/dev.afla.fr\/index.php\/wp-json\/wp\/v2\/pages\/7\/revisions"}],"predecessor-version":[{"id":20852,"href":"https:\/\/dev.afla.fr\/index.php\/wp-json\/wp\/v2\/pages\/7\/revisions\/20852"}],"wp:attachment":[{"href":"https:\/\/dev.afla.fr\/index.php\/wp-json\/wp\/v2\/media?parent=7"}],"curies":[{"name":"wp","href":"https:\/\/api.w.org\/{rel}","templated":true}]}}